{"id":9219,"date":"2016-10-03T13:48:06","date_gmt":"2016-10-03T13:48:06","guid":{"rendered":"http:\/\/www.moncoco.paris\/boxed-home\/"},"modified":"2025-04-22T12:14:41","modified_gmt":"2025-04-22T10:14:41","slug":"boxed-home","status":"publish","type":"page","link":"http:\/\/www.moncoco.paris\/es\/","title":{"rendered":"INICIO"},"content":{"rendered":"<section class=\"wpb-content-wrapper\"><p>[vc_row css=\u00bb.vc_custom_1475664576712{padding-top: 25px !important;}\u00bb][vc_column]\n\t\t\t<!-- START home REVOLUTION SLIDER 6.6.7 --><p class=\"rs-p-wp-fix\"><\/p>\n\t\t\t<rs-module-wrap id=\"rev_slider_1_1_wrapper\" data-source=\"gallery\" style=\"visibility:hidden;background:transparent;padding:0;margin:0px auto;margin-top:0;margin-bottom:0;\">\n\t\t\t\t<rs-module id=\"rev_slider_1_1\" style=\"\" data-version=\"6.6.7\">\n\t\t\t\t\t<rs-slides style=\"overflow: hidden; position: absolute;\">\n\t\t\t\t\t\t<rs-slide style=\"position: absolute;\" data-key=\"rs-7\" data-title=\"Slide\" data-anim=\"adpr:false;\">\n\t\t\t\t\t\t\t<img src=\"\/\/www.moncoco.paris\/wp-content\/plugins\/revslider\/public\/assets\/assets\/dummy.png\" alt=\"\" title=\"INICIO\" class=\"rev-slidebg tp-rs-img rs-lazyload\" data-lazyload=\"\/\/www.moncoco.paris\/wp-content\/uploads\/2017\/11\/DSC_8351.jpg\" data-no-retina>\n<!---->\t\t\t\t\t\t<\/rs-slide>\n\t\t\t\t\t<\/rs-slides>\n\t\t\t\t<\/rs-module>\n\t\t\t\t<script>\n\t\t\t\t\tsetREVStartSize({c: 'rev_slider_1_1',rl:[1240,1024,778,480],el:[],gw:[1240],gh:[868],type:'standard',justify:'',layout:'fullwidth',mh:\"0\"});if (window.RS_MODULES!==undefined && window.RS_MODULES.modules!==undefined && window.RS_MODULES.modules[\"revslider11\"]!==undefined) {window.RS_MODULES.modules[\"revslider11\"].once = false;window.revapi1 = undefined;if (window.RS_MODULES.checkMinimal!==undefined) window.RS_MODULES.checkMinimal()}\n\t\t\t\t<\/script>\n\t\t\t<\/rs-module-wrap>\n\t\t\t<!-- END REVOLUTION SLIDER -->\n[\/vc_column][\/vc_row][vc_row content_aligment=\u00bbcenter\u00bb css=\u00bb.vc_custom_1476867040658{padding-top: 95px !important;padding-bottom: 55px !important;}\u00bb][vc_column offset=\u00bbvc_col-lg-offset-2 vc_col-lg-8 vc_col-md-offset-1 vc_col-md-10&#8243; css=\u00bb.vc_custom_1475498086536{padding-right: 6% !important;padding-left: 6% !important;}\u00bb]<div class=\"eltd-section-title-outer-holder\" style=\"text-align: center\">\n\n\t\t\t<div class=\"eltd-section-subtitle-holder\">\n\t\t\t<h5 class=\"eltd-section-subtitle\" style=\";;color: #333333;;;;\">\n\t\t\t\t\u00bfAmante del buen vivir?\t\t\t<\/h5>\n\t\t<\/div>\n\t\n\t\t\t<div class=\"eltd-section-title-title-holder\">\n\t\t\t\t<h2 class=\"eltd-section-title\" style=\"font-family: Covered by your grace;font-size: 32px;color: #d8a700;font-weight: 600;line-height: 63px;text-transform: Uppercase;letter-spacing: 5px;\">\n\t\t\t\tUn s\u00f3lo sitio, varios ambientes\t\t\t\t<\/h2>\n\t\t<\/div>\n\t\n<\/div>[\/vc_column][\/vc_row][vc_row content_width=\u00bbgrid\u00bb css=\u00bb.vc_custom_1512058711367{padding-bottom: 70px !important;}\u00bb][vc_column offset=\u00bbvc_col-lg-offset-0 vc_col-lg-5 vc_col-md-offset-0 vc_col-md-12&#8243;][vc_single_image image=\u00bb9229&#8243; img_size=\u00bbfull\u00bb alignment=\u00bbcenter\u00bb][vc_empty_space height=\u00bb177px\u00bb][vc_single_image image=\u00bb9227&#8243; img_size=\u00bbfull\u00bb alignment=\u00bbcenter\u00bb][\/vc_column][vc_column offset=\u00bbvc_col-lg-offset-0 vc_col-lg-7 vc_col-md-offset-0 vc_col-md-12&#8243; css=\u00bb.vc_custom_1512054395891{padding-right: 10% !important;}\u00bb]<div class=\"eltd-tabs eltd-horizontal-tab  eltd-color-tabs clearfix\">\n\t<ul class=\"eltd-tabs-nav\">\n\t\t\t\t\t<li>\n\t\t\t\t<a href=\"#tab-restaurante\">\n\t\t\t\t\tRESTAURANTE\t\t\t\t<\/a>\n\t\t\t <\/li>\n\t\t\t\t\t<li>\n\t\t\t\t<a href=\"#tab-cafe\">\n\t\t\t\t\tCAF\u00c9\t\t\t\t<\/a>\n\t\t\t <\/li>\n\t\t\t\t\t<li>\n\t\t\t\t<a href=\"#tab-bar-de-cocteles\">\n\t\t\t\t\tBAR DE C\u00d3CTELES\t\t\t\t<\/a>\n\t\t\t <\/li>\n\t\t\t\t\t<\/ul> \n\t<div class=\"eltd-tab-container\" id=\"tab-restaurante-3\">\n\t[vc_column_text]<\/p>\n<p style=\"text-align: center;\">La cocina francesa en todo su esplendor. Porque la calidad de los productos es esencial, Mon Coco se esfuerza por ofrecer platos caseros, hechos con productos frescos y cuidadosamente seleccionados. El men\u00fa evoluciona seg\u00fan las estaciones, : el mercado y el humor del Chef<\/p>\n<p>[\/vc_column_text]<\/div><div class=\"eltd-tab-container\" id=\"tab-cafe-744\">\n\t[vc_column_text]<\/p>\n<p style=\"text-align: center;\">Mon Coco para el desayuno, para la merienda o simplemente para tomar un caf\u00e9. Nuestro establecimiento est\u00e1 abierto de forma continua, ofreciendo un men\u00fa gourmet para los m\u00e1s golosos. Nuestras creaciones de bebidas calientes, imaginadas por W.M Signature, sin duda te dejar\u00e1n sin palabras y con ganas de querer volver.<\/p>\n<p>[\/vc_column_text]<\/div><div class=\"eltd-tab-container\" id=\"tab-bar-de-cocteles-250\">\n\t[vc_column_text]Al caer la noche, Mon Coco abre las puertas de su bar privado, donde su sala de fumadores, su bodega de cigarros y sus c\u00f3cteles exclusivos te esperan. Una selecci\u00f3n exquisita de alcohol, el conocimiento de los mix\u00f3logos y el ambiente acogedor te seducir\u00e1n, con, adem\u00e1s, una vista impresionante sobre la emblem\u00e1tica Place de la R\u00e9publique.[\/vc_column_text]<\/div><\/div>[vc_empty_space height=\u00bb22px\u00bb][vc_single_image image=\u00bb9225&#8243; img_size=\u00bbfull\u00bb][vc_empty_space height=\u00bb30px\u00bb][\/vc_column][\/vc_row][vc_row row_type=\u00bbparallax\u00bb content_width=\u00bbgrid\u00bb content_aligment=\u00bbcenter\u00bb full_screen_section_height=\u00bbno\u00bb parallax_background_image=\u00bb9106&#8243; css=\u00bb.vc_custom_1512664618649{padding-top: 95px !important;padding-bottom: 100px !important;}\u00bb][vc_column offset=\u00bbvc_col-lg-offset-2 vc_col-lg-8 vc_col-md-offset-1 vc_col-md-10&#8243; css=\u00bb.vc_custom_1475492765502{padding-right: 3% !important;padding-left: 3% !important;}\u00bb]<div class=\"eltd-section-title-outer-holder\" style=\"text-align: center\">\n\n\t\t\t<div class=\"eltd-section-subtitle-holder\">\n\t\t\t<h5 class=\"eltd-section-subtitle\" style=\";;color: #ffffff;;;;\">\n\t\t\t\tMon Coco para\t\t\t<\/h5>\n\t\t<\/div>\n\t\n\t\t\t<div class=\"eltd-section-title-title-holder\">\n\t\t\t\t<h2 class=\"eltd-section-title\" style=\"font-family: Covered by your grace;font-size: 42px;color: #ffffff;font-weight: 600;line-height: 63px;text-transform: Uppercase;letter-spacing: 5px;\">\n\t\t\t\tBrindar, Compartir, Comer\t\t\t\t<\/h2>\n\t\t<\/div>\n\t\n<\/div>[vc_empty_space]<a href=\"http:\/\/www.moncoco.paris\/wp-content\/uploads\/CARTES-SITE\/CR-ES-MON-COCO.pdf\" target=\"_self\"  class=\"eltd-btn eltd-btn-medium eltd-btn-solid eltd-btn-custom-hover-bg eltd-btn-hover-animation eltd-btn-sweep-from-left\" data-hover-bg-color=\"#e9b815\" >\n\t\t\t<div class=\"eltd-btn-hover-overlay\"><\/div>\n\t    <span class=\"eltd-btn-text\">VER EL MEN\u00da<\/span>\n    <\/a>[\/vc_column][\/vc_row][vc_row content_aligment=\u00bbcenter\u00bb css=\u00bb.vc_custom_1476867109693{padding-top: 95px !important;padding-bottom: 55px !important;}\u00bb][vc_column offset=\u00bbvc_col-lg-offset-2 vc_col-lg-8 vc_col-md-offset-1 vc_col-md-10&#8243; css=\u00bb.vc_custom_1475498086536{padding-right: 6% !important;padding-left: 6% !important;}\u00bb]<div class=\"eltd-section-title-outer-holder\" style=\"text-align: center\">\n\n\t\t\t<div class=\"eltd-section-subtitle-holder\">\n\t\t\t<h5 class=\"eltd-section-subtitle\" style=\";;color: #333333;;;;\">\n\t\t\t\tMon Coco para todos\t\t\t<\/h5>\n\t\t<\/div>\n\t\n\t\t\t<div class=\"eltd-section-title-title-holder\">\n\t\t\t\t<h2 class=\"eltd-section-title\" style=\"font-family: Covered by your grace;font-size: 32px;color: #d8a700;font-weight: 600;line-height: 63px;text-transform: Uppercase;letter-spacing: 5px;\">\n\t\t\t\tUn sitio simple, convivial y generoso\t\t\t\t<\/h2>\n\t\t<\/div>\n\t\n<\/div>[\/vc_column][\/vc_row][vc_row content_width=\u00bbgrid\u00bb css=\u00bb.vc_custom_1475500143331{padding-bottom: 70px !important;}\u00bb][vc_column width=\u00bb5\/6&#8243; offset=\u00bbvc_col-lg-offset-0 vc_col-lg-4 vc_col-md-offset-1 vc_col-md-10 vc_col-sm-offset-1&#8243;][vc_single_image image=\u00bb9233&#8243; img_size=\u00bbfull\u00bb alignment=\u00bbcenter\u00bb onclick=\u00bbcustom_link\u00bb link=\u00bb#\u00bb][vc_empty_space height=\u00bb21px\u00bb]<div class=\"eltd-section-title-outer-holder\" style=\"text-align: center\">\n\n\t\n\t\t\t<div class=\"eltd-section-title-title-holder\">\n\t\t\t\t<h2 class=\"eltd-section-title\" style=\";font-size: 18px;color: #d8a700;font-weight: 600;line-height: 23px;text-transform: Uppercase;letter-spacing: 1.3px;\">\n\t\t\t\tBRINDAR\t\t\t\t<\/h2>\n\t\t<\/div>\n\t\n<\/div>[vc_column_text]En el Bar, Mon Coco se ha aliado con un experto en mixolog\u00eda para presentar una carta de c\u00f3cteles a medida y novedosa. Todo ocurre en el nivel superior, en un ambiente acogedor e \u00edntimo, donde Mon Coco reinventa los c\u00f3digos de los clubes privados ingleses con su bodega de cigarros, su sala de fumadores y sus sillones de cuero o terciopelo, todo en un estilo muy moderno acompa\u00f1ado de DJ sets todos los fines de semana.[\/vc_column_text][vc_empty_space height=\u00bb40 px\u00bb][\/vc_column][vc_column width=\u00bb5\/6&#8243; offset=\u00bbvc_col-lg-offset-0 vc_col-lg-4 vc_col-md-offset-1 vc_col-md-10 vc_col-sm-offset-1&#8243;][vc_single_image image=\u00bb9231&#8243; img_size=\u00bbfull\u00bb alignment=\u00bbcenter\u00bb onclick=\u00bbcustom_link\u00bb link=\u00bb#\u00bb][vc_empty_space height=\u00bb21px\u00bb]<div class=\"eltd-section-title-outer-holder\" style=\"text-align: center\">\n\n\t\n\t\t\t<div class=\"eltd-section-title-title-holder\">\n\t\t\t\t<h2 class=\"eltd-section-title\" style=\";font-size: 18px;color: #d8a700;font-weight: 600;line-height: 23px;text-transform: Uppercase;letter-spacing: 1.3px;\">\n\t\t\t\tCOMPARTIR\t\t\t\t<\/h2>\n\t\t<\/div>\n\t\n<\/div>[vc_column_text]<\/p>\n<p style=\"text-align: center;\">En Mon Coco, se puede venir a disfrutar todo el a\u00f1o. En invierno por su decoraci\u00f3n c\u00e1lida y vegetal que refuerza la sensaci\u00f3n de bienestar. En los d\u00edas soleados por su gran terraza orientada al sur.<\/p>\n<p style=\"text-align: center;\">En cuanto a la est\u00e9tica, tambi\u00e9n disfrutamos de muchas reinterpretaciones de los c\u00f3digos de La Rep\u00fablica en elementos decorativos.<\/p>\n<p>[\/vc_column_text][vc_empty_space height=\u00bb40 px\u00bb][\/vc_column][vc_column width=\u00bb5\/6&#8243; offset=\u00bbvc_col-lg-offset-0 vc_col-lg-4 vc_col-md-offset-1 vc_col-md-10 vc_col-sm-offset-1&#8243;][vc_single_image image=\u00bb9232&#8243; img_size=\u00bbfull\u00bb alignment=\u00bbcenter\u00bb onclick=\u00bbcustom_link\u00bb link=\u00bb#\u00bb][vc_empty_space height=\u00bb21px\u00bb]<div class=\"eltd-section-title-outer-holder\" style=\"text-align: center\">\n\n\t\n\t\t\t<div class=\"eltd-section-title-title-holder\">\n\t\t\t\t<h2 class=\"eltd-section-title\" style=\";font-size: 18px;color: #d8a700;font-weight: 600;line-height: 23px;text-transform: Uppercase;letter-spacing: 1.3px;\">\n\t\t\t\tCOMER\t\t\t\t<\/h2>\n\t\t<\/div>\n\t\n<\/div>[vc_column_text]<\/p>\n<p style=\"text-align: center;\">En cuanto a los Platos, Mon Coco deleitar\u00e1 a los amantes de la comida con un sencillo men\u00fa de braser\u00eda pautado por los productos de temporada. Los m\u00e1s curiosos podr\u00e1n compartir este momento en la gran mesa de anfitriones de la planta baja y prestarse al juego de conocer a sus vecinos de mesa o apoyarse en la barra para echar un vistazo a la cocina.<\/p>\n<p>[\/vc_column_text][vc_empty_space height=\u00bb40 px\u00bb][\/vc_column][\/vc_row][vc_row content_aligment=\u00bbcenter\u00bb][vc_column]<a href=\"http:\/\/www.moncoco.paris\/es\/mon-coco\/\" target=\"_self\"  class=\"eltd-btn eltd-btn-medium eltd-btn-solid eltd-btn-custom-hover-bg eltd-btn-hover-animation eltd-btn-sweep-from-left\" data-hover-bg-color=\"#e9b815\" >\n\t\t\t<div class=\"eltd-btn-hover-overlay\"><\/div>\n\t    <span class=\"eltd-btn-text\">M\u00c1S INFORMACI\u00d3N<\/span>\n    <\/a>[\/vc_column][\/vc_row][vc_row][vc_column][vc_empty_space][\/vc_column][\/vc_row][vc_row row_type=\u00bbparallax\u00bb content_width=\u00bbgrid\u00bb content_aligment=\u00bbcenter\u00bb full_screen_section_height=\u00bbno\u00bb parallax_background_image=\u00bb9040&#8243; css=\u00bb.vc_custom_1512579475224{padding-top: 95px !important;padding-bottom: 100px !important;}\u00bb][vc_column offset=\u00bbvc_col-lg-offset-2 vc_col-lg-8 vc_col-md-offset-1 vc_col-md-10&#8243; css=\u00bb.vc_custom_1475492765502{padding-right: 3% !important;padding-left: 3% !important;}\u00bb][vc_single_image image=\u00bb9224&#8243; img_size=\u00bbfull\u00bb alignment=\u00bbcenter\u00bb][\/vc_column][\/vc_row]<\/p>\n<\/section>","protected":false},"excerpt":{"rendered":"<p>[vc_row css=\u00bb.vc_custom_1475664576712{padding-top: 25px !important;}\u00bb][vc_column][\/vc_column][\/vc_row][vc_row content_aligment=\u00bbcenter\u00bb css=\u00bb.vc_custom_1476867040658{padding-top: 95px !important;padding-bottom: 55px !important;}\u00bb][vc_column offset=\u00bbvc_col-lg-offset-2 vc_col-lg-8 vc_col-md-offset-1 vc_col-md-10&#8243; css=\u00bb.vc_custom_1475498086536{padding-right: 6% !important;padding-left: 6% !important;}\u00bb][\/vc_column][\/vc_row][vc_row content_width=\u00bbgrid\u00bb css=\u00bb.vc_custom_1512058711367{padding-bottom: 70px !important;}\u00bb][vc_column offset=\u00bbvc_col-lg-offset-0 vc_col-lg-5 vc_col-md-offset-0 vc_col-md-12&#8243;][vc_single_image image=\u00bb9229&#8243; img_size=\u00bbfull\u00bb alignment=\u00bbcenter\u00bb][vc_empty_space height=\u00bb177px\u00bb][vc_single_image image=\u00bb9227&#8243; img_size=\u00bbfull\u00bb alignment=\u00bbcenter\u00bb][\/vc_column][vc_column offset=\u00bbvc_col-lg-offset-0 vc_col-lg-7 vc_col-md-offset-0 vc_col-md-12&#8243; css=\u00bb.vc_custom_1512054395891{padding-right: 10% !important;}\u00bb][vc_empty_space height=\u00bb22px\u00bb][vc_single_image image=\u00bb9225&#8243; img_size=\u00bbfull\u00bb][vc_empty_space height=\u00bb30px\u00bb][\/vc_column][\/vc_row][vc_row&#8230;<\/p>\n","protected":false},"author":1,"featured_media":0,"parent":0,"menu_order":0,"comment_status":"closed","ping_status":"closed","template":"","meta":{"footnotes":""},"_links":{"self":[{"href":"http:\/\/www.moncoco.paris\/es\/wp-json\/wp\/v2\/pages\/9219"}],"collection":[{"href":"http:\/\/www.moncoco.paris\/es\/wp-json\/wp\/v2\/pages"}],"about":[{"href":"http:\/\/www.moncoco.paris\/es\/wp-json\/wp\/v2\/types\/page"}],"author":[{"embeddable":true,"href":"http:\/\/www.moncoco.paris\/es\/wp-json\/wp\/v2\/users\/1"}],"replies":[{"embeddable":true,"href":"http:\/\/www.moncoco.paris\/es\/wp-json\/wp\/v2\/comments?post=9219"}],"version-history":[{"count":37,"href":"http:\/\/www.moncoco.paris\/es\/wp-json\/wp\/v2\/pages\/9219\/revisions"}],"predecessor-version":[{"id":11937,"href":"http:\/\/www.moncoco.paris\/es\/wp-json\/wp\/v2\/pages\/9219\/revisions\/11937"}],"wp:attachment":[{"href":"http:\/\/www.moncoco.paris\/es\/wp-json\/wp\/v2\/media?parent=9219"}],"curies":[{"name":"wp","href":"https:\/\/api.w.org\/{rel}","templated":true}]}}