{"id":9339,"date":"2017-11-22T17:53:18","date_gmt":"2017-11-22T16:53:18","guid":{"rendered":"http:\/\/www.moncoco.paris\/brunch-petit-dejeuner\/"},"modified":"2025-08-09T20:06:24","modified_gmt":"2025-08-09T18:06:24","slug":"brunch-petit-dejeuner","status":"publish","type":"page","link":"http:\/\/www.moncoco.paris\/es\/brunch-petit-dejeuner\/","title":{"rendered":"BRUNCH &#038; DESAYUNO"},"content":{"rendered":"<section class=\"wpb-content-wrapper\"><p>[vc_row content_width=\u00bbgrid\u00bb content_aligment=\u00bbcenter\u00bb css=\u00bb.vc_custom_1511529495715{padding-top: 95px !important;padding-bottom: 60px !important;}\u00bb][vc_column offset=\u00bbvc_col-lg-offset-3 vc_col-lg-6 vc_col-md-offset-1 vc_col-md-10&#8243;]<div class=\"eltd-section-title-outer-holder\" style=\"text-align: center\">\n\n\t\t\t<div class=\"eltd-section-subtitle-holder\">\n\t\t\t<h5 class=\"eltd-section-subtitle\" style=\";;color: #333333;;;;\">\n\t\t\t\tTodos los domingos de 12h a 16h\t\t\t<\/h5>\n\t\t<\/div>\n\t\n\t\t\t<div class=\"eltd-section-title-title-holder\">\n\t\t\t\t<h2 class=\"eltd-section-title\" style=\"font-family: Covered by your grace;font-size: 60px;color: #d8a700;;;text-transform: None;letter-spacing: 0.5px;\">\n\t\t\t\tBRUNCH 29,5\u20ac\t\t\t\t<\/h2>\n\t\t<\/div>\n\t\n<\/div>[vc_column_text][\/vc_column_text]<a href=\"http:\/\/www.moncoco.paris\/wp-content\/uploads\/CARTES-SITE\/CR-BRUNCH-ES-MON-COCO.pdf\" target=\"_self\" style=\"color: #e9b815;border-color: #e9b815\" class=\"eltd-btn eltd-btn-medium eltd-btn-outline eltd-btn-custom-hover-color eltd-btn-hover-animation eltd-btn-sweep-from-left\" data-hover-color=\"#e9b815\" >\n\t\t\t<div class=\"eltd-btn-hover-overlay\"><\/div>\n\t    <span class=\"eltd-btn-text\">CARTA<\/span>\n    <\/a>[\/vc_column][\/vc_row][vc_row content_width=\u00bbgrid\u00bb css=\u00bb.vc_custom_1475488417808{padding-bottom: 60px !important;}\u00bb][vc_column width=\u00bb1\/2&#8243; offset=\u00bbvc_col-lg-6 vc_col-md-6&#8243;]<div class=\"eltd-section-title-outer-holder\" style=\"text-align: center\">\n\n\t\t\t<div class=\"eltd-section-subtitle-holder\">\n\t\t\t<h5 class=\"eltd-section-subtitle\" style=\";;;;;;\">\n\t\t\t\tbebida fr\u00eda (a elegir)\t\t\t<\/h5>\n\t\t<\/div>\n\t\n\t\n<\/div>[vc_empty_space]<div class=\"eltd-restaurant-menu\" ><div class=\"eltd-restaurant-menu-holder\"><div class=\"eltd-rstrnt-item\">\n\n\t\n\t<div class=\"eltd-rstrnt-item-inner\">\n\n\t\t\n\t\t\t<div class=\"eltd-rstrnt-title-price-holder clearfix\">\n\n\t\t\t\t\n\t\t\t\t\t<h5 class=\"eltd-rstrnt-title\">\n\t\t\t\t\t\t<span class=\"eltd-rstrnt-title-area\" >\n\t\t\t\t\t\t\tZUMO DE FRUTA EXPRIMIDO\t\t\t\t\t\t\t\t\t\t\t\t\t<\/span>\n\t\t\t\t\t<\/h5>\n\t\t\t\t\n\t\t\t<\/div>\n\n\t\t\n\t\t\t\t\t<p class=\"eltd-rstrnt-desc\">naranja o lim\u00f3n<\/p>\n\t\t\t<\/div>\n<\/div><div class=\"eltd-rstrnt-item\">\n\n\t\n\t<div class=\"eltd-rstrnt-item-inner\">\n\n\t\t\n\t\t\t<div class=\"eltd-rstrnt-title-price-holder clearfix\">\n\n\t\t\t\t\n\t\t\t\t\t<h5 class=\"eltd-rstrnt-title\">\n\t\t\t\t\t\t<span class=\"eltd-rstrnt-title-area\" >\n\t\t\t\t\t\t\tCLEAN JUICE +1,5\t\t\t\t\t\t\t\t\t\t\t\t\t<\/span>\n\t\t\t\t\t<\/h5>\n\t\t\t\t\n\t\t\t<\/div>\n\n\t\t\n\t\t\t\t\t<p class=\"eltd-rstrnt-desc\">pregunte por la receta de temporada<\/p>\n\t\t\t<\/div>\n<\/div><\/div><\/div>[vc_empty_space height=\u00bb15px\u00bb]<div class=\"eltd-section-title-outer-holder\" style=\"text-align: center\">\n\n\t\t\t<div class=\"eltd-section-subtitle-holder\">\n\t\t\t<h5 class=\"eltd-section-subtitle\" style=\";;;;;;\">\n\t\t\t\tBEBIDA CALIENTE (A ELEGIR)\t\t\t<\/h5>\n\t\t<\/div>\n\t\n\t\n<\/div>[vc_empty_space]<div class=\"eltd-restaurant-menu\" ><div class=\"eltd-restaurant-menu-holder\"><div class=\"eltd-rstrnt-item\">\n\n\t\n\t<div class=\"eltd-rstrnt-item-inner\">\n\n\t\t\n\t\t\t<div class=\"eltd-rstrnt-title-price-holder clearfix\">\n\n\t\t\t\t\n\t\t\t\t\t<h5 class=\"eltd-rstrnt-title\">\n\t\t\t\t\t\t<span class=\"eltd-rstrnt-title-area\" >\n\t\t\t\t\t\t\tESpresso, caf\u00e9 AMERICANO, caf\u00e9 Con leche\t\t\t\t\t\t\t\t\t\t\t\t\t<\/span>\n\t\t\t\t\t<\/h5>\n\t\t\t\t\n\t\t\t<\/div>\n\n\t\t\n\t\t\t<\/div>\n<\/div><div class=\"eltd-rstrnt-item\">\n\n\t\n\t<div class=\"eltd-rstrnt-item-inner\">\n\n\t\t\n\t\t\t<div class=\"eltd-rstrnt-title-price-holder clearfix\">\n\n\t\t\t\t\n\t\t\t\t\t<h5 class=\"eltd-rstrnt-title\">\n\t\t\t\t\t\t<span class=\"eltd-rstrnt-title-area\" >\n\t\t\t\t\t\t\tChocolate caliente, t\u00e9\t\t\t\t\t\t\t\t\t\t\t\t\t<\/span>\n\t\t\t\t\t<\/h5>\n\t\t\t\t\n\t\t\t<\/div>\n\n\t\t\n\t\t\t<\/div>\n<\/div><\/div><\/div>[vc_empty_space height=\u00bb15px\u00bb]<div class=\"eltd-section-title-outer-holder\" style=\"text-align: center\">\n\n\t\t\t<div class=\"eltd-section-subtitle-holder\">\n\t\t\t<h5 class=\"eltd-section-subtitle\" style=\";;;;;;\">\n\t\t\t\tbolleria (a elegir)\t\t\t<\/h5>\n\t\t<\/div>\n\t\n\t\n<\/div>[vc_empty_space]<div class=\"eltd-restaurant-menu\" ><div class=\"eltd-restaurant-menu-holder\"><div class=\"eltd-rstrnt-item\">\n\n\t\n\t<div class=\"eltd-rstrnt-item-inner\">\n\n\t\t\n\t\t\t<div class=\"eltd-rstrnt-title-price-holder clearfix\">\n\n\t\t\t\t\n\t\t\t\t\t<h5 class=\"eltd-rstrnt-title\">\n\t\t\t\t\t\t<span class=\"eltd-rstrnt-title-area\" >\n\t\t\t\t\t\t\tCROISSANT, PAIN AU CHOCOLAT, TARTINA\t\t\t\t\t\t\t\t\t\t\t\t\t<\/span>\n\t\t\t\t\t<\/h5>\n\t\t\t\t\n\t\t\t<\/div>\n\n\t\t\n\t\t\t\t\t<p class=\"eltd-rstrnt-desc\">mantequilla, mermelada, Nutella<\/p>\n\t\t\t<\/div>\n<\/div><\/div><\/div>[vc_empty_space height=\u00bb40px\u00bb][\/vc_column][vc_column width=\u00bb1\/2&#8243;]<div class=\"eltd-section-title-outer-holder\" style=\"text-align: center\">\n\n\t\t\t<div class=\"eltd-section-subtitle-holder\">\n\t\t\t<h5 class=\"eltd-section-subtitle\" style=\";;;;;;\">\n\t\t\t\tPLATILLO SALADO (A ELEGIR)\t\t\t<\/h5>\n\t\t<\/div>\n\t\n\t\n<\/div><div class=\"eltd-section-title-outer-holder\" style=\"text-align: center\">\n\n\t\t\t<div class=\"eltd-section-subtitle-holder\">\n\t\t\t<h5 class=\"eltd-section-subtitle\" style=\";;;;;;\">\n\t\t\t\ttodos servidos con patatas salteadas\t\t\t<\/h5>\n\t\t<\/div>\n\t\n\t\n<\/div>[vc_empty_space height=\u00bb15px\u00bb]<div class=\"eltd-restaurant-menu\" ><div class=\"eltd-restaurant-menu-holder\"><div class=\"eltd-rstrnt-item\">\n\n\t\n\t<div class=\"eltd-rstrnt-item-inner\">\n\n\t\t\n\t\t\t<div class=\"eltd-rstrnt-title-price-holder clearfix\">\n\n\t\t\t\t\n\t\t\t\t\t<h5 class=\"eltd-rstrnt-title\">\n\t\t\t\t\t\t<span class=\"eltd-rstrnt-title-area\" >\n\t\t\t\t\t\t\tHuEVOS REVUELTOs\t\t\t\t\t\t\t\t\t\t\t\t\t<\/span>\n\t\t\t\t\t<\/h5>\n\t\t\t\t\n\t\t\t<\/div>\n\n\t\t\n\t\t\t\t\t<p class=\"eltd-rstrnt-desc\">al natural, con bacon o salm\u00f3n gravlax<\/p>\n\t\t\t<\/div>\n<\/div><div class=\"eltd-rstrnt-item\">\n\n\t\n\t<div class=\"eltd-rstrnt-item-inner\">\n\n\t\t\n\t\t\t<div class=\"eltd-rstrnt-title-price-holder clearfix\">\n\n\t\t\t\t\n\t\t\t\t\t<h5 class=\"eltd-rstrnt-title\">\n\t\t\t\t\t\t<span class=\"eltd-rstrnt-title-area\" >\n\t\t\t\t\t\t\thuevo Benedictino\t\t\t\t\t\t\t\t\t\t\t\t\t<\/span>\n\t\t\t\t\t<\/h5>\n\t\t\t\t\n\t\t\t<\/div>\n\n\t\t\n\t\t\t\t\t<p class=\"eltd-rstrnt-desc\">blinis, salsa holandesa, bacon o salm\u00f3n gravlax<\/p>\n\t\t\t<\/div>\n<\/div><div class=\"eltd-rstrnt-item\">\n\n\t\n\t<div class=\"eltd-rstrnt-item-inner\">\n\n\t\t\n\t\t\t<div class=\"eltd-rstrnt-title-price-holder clearfix\">\n\n\t\t\t\t\n\t\t\t\t\t<h5 class=\"eltd-rstrnt-title\">\n\t\t\t\t\t\t<span class=\"eltd-rstrnt-title-area\" >\n\t\t\t\t\t\t\tavocado Toast\t\t\t\t\t\t\t\t\t\t\t\t\t<\/span>\n\t\t\t\t\t<\/h5>\n\t\t\t\t\n\t\t\t<\/div>\n\n\t\t\n\t\t\t\t\t<p class=\"eltd-rstrnt-desc\">pan r\u00fastico, huevo poch\u00e9, zanahoria, aguacate, pipas de calabaza, al natural, bacon o salm\u00f3n gravlax<\/p>\n\t\t\t<\/div>\n<\/div><\/div><\/div>[vc_empty_space height=\u00bb15px\u00bb]<div class=\"eltd-section-title-outer-holder\" style=\"text-align: center\">\n\n\t\t\t<div class=\"eltd-section-subtitle-holder\">\n\t\t\t<h5 class=\"eltd-section-subtitle\" style=\";;;;;;\">\n\t\t\t\tPOSTRE (A ELEGIR)\t\t\t<\/h5>\n\t\t<\/div>\n\t\n\t\n<\/div>[vc_empty_space]<div class=\"eltd-restaurant-menu\" ><div class=\"eltd-restaurant-menu-holder\"><div class=\"eltd-rstrnt-item\">\n\n\t\n\t<div class=\"eltd-rstrnt-item-inner\">\n\n\t\t\n\t\t\t<div class=\"eltd-rstrnt-title-price-holder clearfix\">\n\n\t\t\t\t\n\t\t\t\t\t<h5 class=\"eltd-rstrnt-title\">\n\t\t\t\t\t\t<span class=\"eltd-rstrnt-title-area\" >\n\t\t\t\t\t\t\tUn POSTRE del MEN\u00da\t\t\t\t\t\t\t\t\t\t\t\t\t<\/span>\n\t\t\t\t\t<\/h5>\n\t\t\t\t\n\t\t\t<\/div>\n\n\t\t\n\t\t\t<\/div>\n<\/div><\/div><\/div>[\/vc_column][\/vc_row][vc_row row_type=\u00bbparallax\u00bb content_width=\u00bbgrid\u00bb full_screen_section_height=\u00bbno\u00bb parallax_background_image=\u00bb9195&#8243; css=\u00bb.vc_custom_1513333259048{padding-top: 130px !important;padding-bottom: 130px !important;}\u00bb][vc_column css=\u00bb.vc_custom_1475589025335{padding-right: 3% !important;padding-left: 3% !important;}\u00bb offset=\u00bbvc_col-lg-offset-2 vc_col-lg-8 vc_col-md-offset-1 vc_col-md-10&#8243;]<div class=\"eltd-section-title-outer-holder\" style=\"text-align: center\">\n\n\t\n\t\n<\/div>[vc_single_image image=\u00bb9346&#8243; img_size=\u00bbfull\u00bb alignment=\u00bbcenter\u00bb][\/vc_column][\/vc_row][vc_row content_width=\u00bbgrid\u00bb content_aligment=\u00bbcenter\u00bb css=\u00bb.vc_custom_1476868274070{padding-top: 95px !important;padding-bottom: 60px !important;}\u00bb][vc_column offset=\u00bbvc_col-lg-offset-3 vc_col-lg-6 vc_col-md-offset-1 vc_col-md-10&#8243;]<div class=\"eltd-section-title-outer-holder\" style=\"text-align: center\">\n\n\t\n\t\t\t<div class=\"eltd-section-title-title-holder\">\n\t\t\t\t<h2 class=\"eltd-section-title\" style=\"font-family: Covered by your grace;font-size: 60px;color: #d8a700;;;text-transform: None;letter-spacing: 0.5px;\">\n\t\t\t\tDesayunos cocoricooooo\t\t\t\t<\/h2>\n\t\t<\/div>\n\t\n<\/div>[vc_column_text][\/vc_column_text]<a href=\"http:\/\/www.moncoco.paris\/wp-content\/uploads\/CARTES-SITE\/CARTE-ES-PETIT-DEJ-ET-GOUTER-MON-COCO.pdf\" target=\"_self\" style=\"color: #e9b815;border-color: #e9b815\" class=\"eltd-btn eltd-btn-medium eltd-btn-outline eltd-btn-custom-hover-color eltd-btn-hover-animation eltd-btn-sweep-from-left\" data-hover-color=\"#e9b815\" >\n\t\t\t<div class=\"eltd-btn-hover-overlay\"><\/div>\n\t    <span class=\"eltd-btn-text\">CARTA<\/span>\n    <\/a>[\/vc_column][\/vc_row][vc_row content_width=\u00bbgrid\u00bb css=\u00bb.vc_custom_1475488417808{padding-bottom: 60px !important;}\u00bb][vc_column offset=\u00bbvc_col-lg-6 vc_col-md-6&#8243;]<div class=\"eltd-restaurant-menu\" ><div class=\"eltd-restaurant-menu-holder\"><div class=\"eltd-rstrnt-item\">\n\n\t\n\t<div class=\"eltd-rstrnt-item-inner\">\n\n\t\t\n\t\t\t<div class=\"eltd-rstrnt-title-price-holder clearfix\">\n\n\t\t\t\t\n\t\t\t\t\t<h5 class=\"eltd-rstrnt-title\">\n\t\t\t\t\t\t<span class=\"eltd-rstrnt-title-area\" >\n\t\t\t\t\t\t\tLE P&#039;TIT COCO\t\t\t\t\t\t\t\t\t\t\t\t\t<\/span>\n\t\t\t\t\t<\/h5>\n\t\t\t\t\n\t\t\t\t\t<div class=\"eltd-rstrnt-price-holder\">\n\t\t\t\t\t\t<h5 class=\"eltd-rstrnt-price\">\n\t\t\t\t\t\t\t<span class=\"eltd-rstrnt-currency\">\u20ac<\/span>\n\t\t\t\t\t\t\t<span class=\"eltd-rstrnt-number\">9,5<\/span>\n\t\t\t\t\t\t<\/h5>\n\t\t\t\t\t<\/div>\n\n\t\t\t\t\n\t\t\t<\/div>\n\n\t\t\n\t\t\t\t\t<p class=\"eltd-rstrnt-desc\">tartina o croissant o pain au chocolat, zumo de fruta fresca, una bebida caliente a elecci\u00f3n, aderezos: mermelada, Nutella y mantequilla<\/p>\n\t\t\t<\/div>\n<\/div><div class=\"eltd-rstrnt-item\">\n\n\t\n\t<div class=\"eltd-rstrnt-item-inner\">\n\n\t\t\n\t\t\t<div class=\"eltd-rstrnt-title-price-holder clearfix\">\n\n\t\t\t\t\n\t\t\t\t\t<h5 class=\"eltd-rstrnt-title\">\n\t\t\t\t\t\t<span class=\"eltd-rstrnt-title-area\" >\n\t\t\t\t\t\t\tLE GRAND COCO\t\t\t\t\t\t\t\t\t\t\t\t\t<\/span>\n\t\t\t\t\t<\/h5>\n\t\t\t\t\n\t\t\t\t\t<div class=\"eltd-rstrnt-price-holder\">\n\t\t\t\t\t\t<h5 class=\"eltd-rstrnt-price\">\n\t\t\t\t\t\t\t<span class=\"eltd-rstrnt-currency\">\u20ac<\/span>\n\t\t\t\t\t\t\t<span class=\"eltd-rstrnt-number\">16,5<\/span>\n\t\t\t\t\t\t<\/h5>\n\t\t\t\t\t<\/div>\n\n\t\t\t\t\n\t\t\t<\/div>\n\n\t\t\n\t\t\t\t\t<p class=\"eltd-rstrnt-desc\">cesta de pan (baguette, hojaldre, brioche), zumo de fruta reci\u00e9n exprimido, huevo revueltos o frito (simples o con bacon), una bebida caliente a elecci\u00f3n, aderezos: mermelada, Nutella y mantequilla<\/p>\n\t\t\t<\/div>\n<\/div><\/div><\/div>[vc_empty_space height=\u00bb40px\u00bb][\/vc_column][vc_column offset=\u00bbvc_col-lg-6 vc_col-md-6&#8243;]<div class=\"eltd-restaurant-menu\" ><div class=\"eltd-restaurant-menu-holder\"><div class=\"eltd-rstrnt-item\">\n\n\t\n\t<div class=\"eltd-rstrnt-item-inner\">\n\n\t\t\n\t\t\t<div class=\"eltd-rstrnt-title-price-holder clearfix\">\n\n\t\t\t\t\n\t\t\t\t\t<h5 class=\"eltd-rstrnt-title\">\n\t\t\t\t\t\t<span class=\"eltd-rstrnt-title-area\" >\n\t\t\t\t\t\t\tHuevos revueltos o fritos\t\t\t\t\t\t\t\t\t\t\t\t\t<\/span>\n\t\t\t\t\t<\/h5>\n\t\t\t\t\n\t\t\t\t\t<div class=\"eltd-rstrnt-price-holder\">\n\t\t\t\t\t\t<h5 class=\"eltd-rstrnt-price\">\n\t\t\t\t\t\t\t<span class=\"eltd-rstrnt-currency\">\u20ac<\/span>\n\t\t\t\t\t\t\t<span class=\"eltd-rstrnt-number\">7,0<\/span>\n\t\t\t\t\t\t<\/h5>\n\t\t\t\t\t<\/div>\n\n\t\t\t\t\n\t\t\t<\/div>\n\n\t\t\n\t\t\t<\/div>\n<\/div><div class=\"eltd-rstrnt-item\">\n\n\t\n\t<div class=\"eltd-rstrnt-item-inner\">\n\n\t\t\n\t\t\t<div class=\"eltd-rstrnt-title-price-holder clearfix\">\n\n\t\t\t\t\n\t\t\t\t\t<h5 class=\"eltd-rstrnt-title\">\n\t\t\t\t\t\t<span class=\"eltd-rstrnt-title-area\" >\n\t\t\t\t\t\t\tHUEVOS REVULETOS O FRITOS con bacon\t\t\t\t\t\t\t\t\t\t\t\t\t<\/span>\n\t\t\t\t\t<\/h5>\n\t\t\t\t\n\t\t\t\t\t<div class=\"eltd-rstrnt-price-holder\">\n\t\t\t\t\t\t<h5 class=\"eltd-rstrnt-price\">\n\t\t\t\t\t\t\t<span class=\"eltd-rstrnt-currency\">\u20ac<\/span>\n\t\t\t\t\t\t\t<span class=\"eltd-rstrnt-number\">8,0<\/span>\n\t\t\t\t\t\t<\/h5>\n\t\t\t\t\t<\/div>\n\n\t\t\t\t\n\t\t\t<\/div>\n\n\t\t\n\t\t\t<\/div>\n<\/div><div class=\"eltd-rstrnt-item\">\n\n\t\n\t<div class=\"eltd-rstrnt-item-inner\">\n\n\t\t\n\t\t\t<div class=\"eltd-rstrnt-title-price-holder clearfix\">\n\n\t\t\t\t\n\t\t\t\t\t<h5 class=\"eltd-rstrnt-title\">\n\t\t\t\t\t\t<span class=\"eltd-rstrnt-title-area\" >\n\t\t\t\t\t\t\tBOLLER\u00cdA\t\t\t\t\t\t\t\t\t\t\t\t\t<\/span>\n\t\t\t\t\t<\/h5>\n\t\t\t\t\n\t\t\t\t\t<div class=\"eltd-rstrnt-price-holder\">\n\t\t\t\t\t\t<h5 class=\"eltd-rstrnt-price\">\n\t\t\t\t\t\t\t<span class=\"eltd-rstrnt-currency\">\u20ac<\/span>\n\t\t\t\t\t\t\t<span class=\"eltd-rstrnt-number\">2,5<\/span>\n\t\t\t\t\t\t<\/h5>\n\t\t\t\t\t<\/div>\n\n\t\t\t\t\n\t\t\t<\/div>\n\n\t\t\n\t\t\t\t\t<p class=\"eltd-rstrnt-desc\">croissant, pain au chocolat o tartina<\/p>\n\t\t\t<\/div>\n<\/div><\/div><\/div>[vc_empty_space height=\u00bb40px\u00bb][\/vc_column][\/vc_row][vc_row row_type=\u00bbparallax\u00bb content_width=\u00bbgrid\u00bb full_screen_section_height=\u00bbno\u00bb parallax_background_image=\u00bb9070&#8243; css=\u00bb.vc_custom_1512646287016{padding-top: 130px !important;padding-bottom: 130px !important;}\u00bb][vc_column css=\u00bb.vc_custom_1475589025335{padding-right: 3% !important;padding-left: 3% !important;}\u00bb offset=\u00bbvc_col-lg-offset-2 vc_col-lg-8 vc_col-md-offset-1 vc_col-md-10&#8243;]<div class=\"eltd-section-title-outer-holder\" style=\"text-align: center\">\n\n\t\n\t\n<\/div>[vc_single_image image=\u00bb9345&#8243; img_size=\u00bbfull\u00bb alignment=\u00bbcenter\u00bb][\/vc_column][\/vc_row][vc_row content_width=\u00bbgrid\u00bb content_aligment=\u00bbcenter\u00bb css=\u00bb.vc_custom_1476868274070{padding-top: 95px !important;padding-bottom: 60px !important;}\u00bb][vc_column offset=\u00bbvc_col-lg-offset-3 vc_col-lg-6 vc_col-md-offset-1 vc_col-md-10&#8243;]<div class=\"eltd-section-title-outer-holder\" style=\"text-align: center\">\n\n\t\t\t<div class=\"eltd-section-subtitle-holder\">\n\t\t\t<h5 class=\"eltd-section-subtitle\" style=\";;color: #333333;;;;\">\n\t\t\t\tAQU\u00cd Y EN NING\u00daN OTRO LUGAR, DISE\u00d1ADO POR W.M SIGNATURE\t\t\t<\/h5>\n\t\t<\/div>\n\t\n\t\t\t<div class=\"eltd-section-title-title-holder\">\n\t\t\t\t<h2 class=\"eltd-section-title\" style=\"font-family: Covered by your grace;font-size: 60px;color: #d8a700;;;text-transform: None;letter-spacing: 0.5px;\">\n\t\t\t\tLas creaciones calientes de Mon Coco\t\t\t\t<\/h2>\n\t\t<\/div>\n\t\n<\/div>[vc_column_text][\/vc_column_text][\/vc_column][\/vc_row][vc_row content_width=\u00bbgrid\u00bb css=\u00bb.vc_custom_1475488417808{padding-bottom: 60px !important;}\u00bb][vc_column offset=\u00bbvc_col-lg-6 vc_col-md-6&#8243;]<div class=\"eltd-section-title-outer-holder\" style=\"text-align: center\">\n\n\t\n\t\t\t<div class=\"eltd-section-title-title-holder\">\n\t\t\t\t<h2 class=\"eltd-section-title\" style=\"font-family: Covered by your grace;font-size: 32px;;;;text-transform: None;letter-spacing: 0.5px;\">\n\t\t\t\tDE CHOCOLATE 7\u20ac\t\t\t\t<\/h2>\n\t\t<\/div>\n\t\n<\/div><div class=\"eltd-restaurant-menu\" ><div class=\"eltd-restaurant-menu-holder\"><div class=\"eltd-rstrnt-item\">\n\n\t\n\t<div class=\"eltd-rstrnt-item-inner\">\n\n\t\t\n\t\t\t<div class=\"eltd-rstrnt-title-price-holder clearfix\">\n\n\t\t\t\t\n\t\t\t\t\t<h5 class=\"eltd-rstrnt-title\">\n\t\t\t\t\t\t<span class=\"eltd-rstrnt-title-area\" >\n\t\t\t\t\t\t\tblack &amp; white caramel french\t\t\t\t\t\t\t\t\t\t\t\t\t<\/span>\n\t\t\t\t\t<\/h5>\n\t\t\t\t\n\t\t\t<\/div>\n\n\t\t\n\t\t\t\t\t<p class=\"eltd-rstrnt-desc\">Mezcla de chocolate blanco y chocolate negro, leche, salsa de caramelo de mantequilla salada Mon Coco<\/p>\n\t\t\t<\/div>\n<\/div><\/div><\/div>[vc_empty_space height=\u00bb40px\u00bb][\/vc_column][vc_column offset=\u00bbvc_col-lg-6 vc_col-md-6&#8243;]<div class=\"eltd-section-title-outer-holder\" style=\"text-align: center\">\n\n\t\n\t\t\t<div class=\"eltd-section-title-title-holder\">\n\t\t\t\t<h2 class=\"eltd-section-title\" style=\"font-family: Covered by your grace;font-size: 32px;;;;text-transform: None;letter-spacing: 0.5px;\">\n\t\t\t\tDe CAF\u00c9 6\u20ac\t\t\t\t<\/h2>\n\t\t<\/div>\n\t\n<\/div><div class=\"eltd-restaurant-menu\" ><div class=\"eltd-restaurant-menu-holder\"><div class=\"eltd-rstrnt-item\">\n\n\t\n\t<div class=\"eltd-rstrnt-item-inner\">\n\n\t\t\n\t\t\t<div class=\"eltd-rstrnt-title-price-holder clearfix\">\n\n\t\t\t\t\n\t\t\t\t\t<h5 class=\"eltd-rstrnt-title\">\n\t\t\t\t\t\t<span class=\"eltd-rstrnt-title-area\" >\n\t\t\t\t\t\t\tFRENCH CARAMEL CAFE LATTE\t\t\t\t\t\t\t\t\t\t\t\t\t<\/span>\n\t\t\t\t\t<\/h5>\n\t\t\t\t\n\t\t\t<\/div>\n\n\t\t\n\t\t\t\t\t<p class=\"eltd-rstrnt-desc\">Espresso, leche y espuma de leche, salsa de caramelo de mantequilla salada Mon Coco<\/p>\n\t\t\t<\/div>\n<\/div><\/div><\/div>[vc_empty_space height=\u00bb40px\u00bb][\/vc_column][\/vc_row][vc_row][vc_column][vc_single_image image=\u00bb9340&#8243; alignment=\u00bbcenter\u00bb][\/vc_column][\/vc_row][vc_row content_width=\u00bbgrid\u00bb content_aligment=\u00bbcenter\u00bb css=\u00bb.vc_custom_1476868274070{padding-top: 95px !important;padding-bottom: 60px !important;}\u00bb][vc_column offset=\u00bbvc_col-lg-offset-3 vc_col-lg-6 vc_col-md-offset-1 vc_col-md-10&#8243;]<div class=\"eltd-section-title-outer-holder\" style=\"text-align: center\">\n\n\t\t\t<div class=\"eltd-section-subtitle-holder\">\n\t\t\t<h5 class=\"eltd-section-subtitle\" style=\";;color: #333333;;;;\">\n\t\t\t\t100% NATURALEZA - FRUTA FRESCA PRESION EN FRIO\t\t\t<\/h5>\n\t\t<\/div>\n\t\n\t\t\t<div class=\"eltd-section-title-title-holder\">\n\t\t\t\t<h2 class=\"eltd-section-title\" style=\"font-family: Covered by your grace;font-size: 60px;color: #d8a700;;;text-transform: None;letter-spacing: 0.5px;\">\n\t\t\t\tZUMO DE LA HUERTA\t\t\t\t<\/h2>\n\t\t<\/div>\n\t\n<\/div>[vc_column_text][\/vc_column_text][\/vc_column][\/vc_row][vc_row content_width=\u00bbgrid\u00bb css=\u00bb.vc_custom_1475488417808{padding-bottom: 60px !important;}\u00bb][vc_column offset=\u00bbvc_col-lg-6 vc_col-md-6&#8243;]<div class=\"eltd-restaurant-menu\" ><div class=\"eltd-restaurant-menu-holder\"><div class=\"eltd-rstrnt-item\">\n\n\t\n\t<div class=\"eltd-rstrnt-item-inner\">\n\n\t\t\n\t\t\t<div class=\"eltd-rstrnt-title-price-holder clearfix\">\n\n\t\t\t\t\n\t\t\t\t\t<h5 class=\"eltd-rstrnt-title\">\n\t\t\t\t\t\t<span class=\"eltd-rstrnt-title-area\" >\n\t\t\t\t\t\t\tCLEAN JUICE MON COCO 25cl\t\t\t\t\t\t\t\t\t\t\t\t\t<\/span>\n\t\t\t\t\t<\/h5>\n\t\t\t\t\n\t\t\t\t\t<div class=\"eltd-rstrnt-price-holder\">\n\t\t\t\t\t\t<h5 class=\"eltd-rstrnt-price\">\n\t\t\t\t\t\t\t<span class=\"eltd-rstrnt-currency\">\u20ac<\/span>\n\t\t\t\t\t\t\t<span class=\"eltd-rstrnt-number\">8,0<\/span>\n\t\t\t\t\t\t<\/h5>\n\t\t\t\t\t<\/div>\n\n\t\t\t\t\n\t\t\t<\/div>\n\n\t\t\n\t\t\t\t\t<p class=\"eltd-rstrnt-desc\">(pregunte por la receta de temporada)<\/p>\n\t\t\t<\/div>\n<\/div><\/div><\/div>[vc_empty_space height=\u00bb40px\u00bb][\/vc_column][vc_column offset=\u00bbvc_col-lg-6 vc_col-md-6&#8243;]<div class=\"eltd-restaurant-menu\" ><div class=\"eltd-restaurant-menu-holder\"><div class=\"eltd-rstrnt-item\">\n\n\t\n\t<div class=\"eltd-rstrnt-item-inner\">\n\n\t\t\n\t\t\t<div class=\"eltd-rstrnt-title-price-holder clearfix\">\n\n\t\t\t\t\n\t\t\t\t\t<h5 class=\"eltd-rstrnt-title\">\n\t\t\t\t\t\t<span class=\"eltd-rstrnt-title-area\" >\n\t\t\t\t\t\t\tZUMO DE C\u00cdTRICOS EXPRIMIDOS 25cl\t\t\t\t\t\t\t\t\t\t\t\t\t<\/span>\n\t\t\t\t\t<\/h5>\n\t\t\t\t\n\t\t\t\t\t<div class=\"eltd-rstrnt-price-holder\">\n\t\t\t\t\t\t<h5 class=\"eltd-rstrnt-price\">\n\t\t\t\t\t\t\t<span class=\"eltd-rstrnt-currency\">\u20ac<\/span>\n\t\t\t\t\t\t\t<span class=\"eltd-rstrnt-number\">6,8<\/span>\n\t\t\t\t\t\t<\/h5>\n\t\t\t\t\t<\/div>\n\n\t\t\t\t\n\t\t\t<\/div>\n\n\t\t\n\t\t\t\t\t<p class=\"eltd-rstrnt-desc\">naranja, lim\u00f3n o pomelo<\/p>\n\t\t\t<\/div>\n<\/div><\/div><\/div>[vc_empty_space height=\u00bb40px\u00bb][\/vc_column][\/vc_row][vc_row][vc_column][vc_single_image image=\u00bb9347&#8243; alignment=\u00bbcenter\u00bb][\/vc_column][\/vc_row]<\/p>\n<\/section>","protected":false},"excerpt":{"rendered":"<p>[vc_row content_width=\u00bbgrid\u00bb content_aligment=\u00bbcenter\u00bb css=\u00bb.vc_custom_1511529495715{padding-top: 95px !important;padding-bottom: 60px !important;}\u00bb][vc_column offset=\u00bbvc_col-lg-offset-3 vc_col-lg-6 vc_col-md-offset-1 vc_col-md-10&#8243;][vc_column_text][\/vc_column_text][\/vc_column][\/vc_row][vc_row content_width=\u00bbgrid\u00bb css=\u00bb.vc_custom_1475488417808{padding-bottom: 60px !important;}\u00bb][vc_column width=\u00bb1\/2&#8243; offset=\u00bbvc_col-lg-6 vc_col-md-6&#8243;][vc_empty_space][vc_empty_space height=\u00bb15px\u00bb][vc_empty_space][vc_empty_space height=\u00bb15px\u00bb][vc_empty_space][vc_empty_space height=\u00bb40px\u00bb][\/vc_column][vc_column width=\u00bb1\/2&#8243;][vc_empty_space height=\u00bb15px\u00bb][vc_empty_space height=\u00bb15px\u00bb][vc_empty_space][\/vc_column][\/vc_row][vc_row row_type=\u00bbparallax\u00bb content_width=\u00bbgrid\u00bb full_screen_section_height=\u00bbno\u00bb parallax_background_image=\u00bb9195&#8243; css=\u00bb.vc_custom_1513333259048{padding-top: 130px !important;padding-bottom: 130px !important;}\u00bb][vc_column css=\u00bb.vc_custom_1475589025335{padding-right: 3% !important;padding-left: 3% !important;}\u00bb offset=\u00bbvc_col-lg-offset-2 vc_col-lg-8 vc_col-md-offset-1 vc_col-md-10&#8243;][vc_single_image image=\u00bb9346&#8243; img_size=\u00bbfull\u00bb&#8230;<\/p>\n","protected":false},"author":1,"featured_media":0,"parent":0,"menu_order":0,"comment_status":"closed","ping_status":"closed","template":"","meta":{"footnotes":""},"_links":{"self":[{"href":"http:\/\/www.moncoco.paris\/es\/wp-json\/wp\/v2\/pages\/9339"}],"collection":[{"href":"http:\/\/www.moncoco.paris\/es\/wp-json\/wp\/v2\/pages"}],"about":[{"href":"http:\/\/www.moncoco.paris\/es\/wp-json\/wp\/v2\/types\/page"}],"author":[{"embeddable":true,"href":"http:\/\/www.moncoco.paris\/es\/wp-json\/wp\/v2\/users\/1"}],"replies":[{"embeddable":true,"href":"http:\/\/www.moncoco.paris\/es\/wp-json\/wp\/v2\/comments?post=9339"}],"version-history":[{"count":34,"href":"http:\/\/www.moncoco.paris\/es\/wp-json\/wp\/v2\/pages\/9339\/revisions"}],"predecessor-version":[{"id":11950,"href":"http:\/\/www.moncoco.paris\/es\/wp-json\/wp\/v2\/pages\/9339\/revisions\/11950"}],"wp:attachment":[{"href":"http:\/\/www.moncoco.paris\/es\/wp-json\/wp\/v2\/media?parent=9339"}],"curies":[{"name":"wp","href":"https:\/\/api.w.org\/{rel}","templated":true}]}}