{"id":9261,"date":"2016-10-03T10:28:23","date_gmt":"2016-10-03T10:28:23","guid":{"rendered":"http:\/\/www.moncoco.paris\/mon-coco\/"},"modified":"2018-01-04T09:08:36","modified_gmt":"2018-01-04T08:08:36","slug":"mon-coco","status":"publish","type":"page","link":"https:\/\/www.moncoco.paris\/es\/mon-coco\/","title":{"rendered":"Mon Coco"},"content":{"rendered":"<section class=\"wpb-content-wrapper\"><p>[vc_row content_width=\u00bbgrid\u00bb css=\u00bb.vc_custom_1476866109634{padding-top: 95px !important;padding-bottom: 65px !important;}\u00bb][vc_column offset=\u00bbvc_col-md-6&#8243;]<div class=\"eltd-section-title-outer-holder\" style=\"text-align: center\">\n\n\t\n\t\t\t<div class=\"eltd-section-title-title-holder\">\n\t\t\t\t<h2 class=\"eltd-section-title\" style=\";font-size: 60px;color: #d8a700;font-weight: 200;line-height: 72px;;;\">\n\t\t\t\t\u00bfPor qu\u00e9 Mon Coco?\t\t\t\t<\/h2>\n\t\t<\/div>\n\t\n<\/div>[vc_empty_space height=\u00bb30px\u00bb][\/vc_column][vc_column offset=\u00bbvc_col-md-6&#8243;][vc_empty_space height=\u00bb3px\u00bb][vc_column_text]El gallo se erige como un s\u00edmbolo republicano en la historia de Francia. La palabra coco tambi\u00e9n se refiere a su llamada de despertador \u00abcocorico\u00bb o a la famosa marca de fragancias y moda \u00abCoco Chanel\u00bb. Tambi\u00e9n es el apodo dado a los chicos de los barrios populares de Par\u00eds. Coco tambi\u00e9n se usa para expresar afecto cuando se dirige a alguien. A nuestros ojos, Mon Coco lleva y combina todos esos significados y es justo que hayamos escogido este nombre para una brasserie francesa tradicional ubicada en la \u00abPlace de la R\u00e9publique\u00bb.[\/vc_column_text][vc_empty_space height=\u00bb13px\u00bb][vc_column_text][\/vc_column_text][vc_empty_space height=\u00bb30px\u00bb][\/vc_column][\/vc_row][vc_row row_type=\u00bbparallax\u00bb content_width=\u00bbgrid\u00bb content_aligment=\u00bbcenter\u00bb full_screen_section_height=\u00bbno\u00bb parallax_background_image=\u00bb9059&#8243; css=\u00bb.vc_custom_1512581182221{padding-top: 90px !important;padding-bottom: 100px !important;}\u00bb][vc_column offset=\u00bbvc_col-lg-offset-2 vc_col-lg-8 vc_col-md-offset-1 vc_col-md-10&#8243; css=\u00bb.vc_custom_1511276900573{padding-right: 3% !important;padding-left: 3% !important;}\u00bb]<div class=\"eltd-section-title-outer-holder\" style=\"text-align: center\">\n\n\t\n\t\t\t<div class=\"eltd-section-title-title-holder\">\n\t\t\t\t<h2 class=\"eltd-section-title\" style=\"font-family: Covered by your grace;font-size: 60px;color: #ffffff;font-weight: 200;line-height: 72px;;;\">\n\t\t\t\tCocina inventiva y generosa\t\t\t\t<\/h2>\n\t\t<\/div>\n\t\n<\/div>[vc_empty_space]<a href=\"http:\/\/www.moncoco.paris\/es\/a-la-carte\/\" target=\"_self\"  class=\"eltd-btn eltd-btn-medium eltd-btn-solid eltd-btn-custom-hover-bg eltd-btn-hover-animation eltd-btn-sweep-from-left\" data-hover-bg-color=\"#e9b815\" >\n\t\t\t<div class=\"eltd-btn-hover-overlay\"><\/div>\n\t    <span class=\"eltd-btn-text\">Ver el men\u00fa<\/span>\n    <\/a>[\/vc_column][\/vc_row][vc_row content_width=\u00bbgrid\u00bb content_aligment=\u00bbcenter\u00bb css=\u00bb.vc_custom_1476866162877{padding-top: 90px !important;padding-bottom: 15px !important;}\u00bb][vc_column offset=\u00bbvc_col-lg-offset-2 vc_col-lg-8 vc_col-md-offset-1 vc_col-md-10&#8243; css=\u00bb.vc_custom_1478274804961{padding-right: 6% !important;padding-left: 6% !important;}\u00bb]<div class=\"eltd-section-title-outer-holder\" style=\"text-align: center\">\n\n\t\n\t\t\t<div class=\"eltd-section-title-title-holder\">\n\t\t\t\t<h2 class=\"eltd-section-title\" style=\";font-size: 60px;color: #d8a700;font-weight: 200;line-height: 72px;;;\">\n\t\t\t\tUn lugar \u00fanico\t\t\t\t<\/h2>\n\t\t<\/div>\n\t\n<\/div>[vc_column_text css=\u00bb.vc_custom_1513366472656{background-color: #ffffff !important;}\u00bb]M\u00e1s que un simple restaurante y bar de c\u00f3cteles, este nuevo sitio parisino de tres niveles hace uso de su ubicaci\u00f3n para recibir, lo mejor posible, a los clientes habituales del barrio as\u00ed como a los transe\u00fantes del momento.[\/vc_column_text][\/vc_column][\/vc_row][vc_row content_width=\u00bbgrid\u00bb css=\u00bb.vc_custom_1476866180963{padding-bottom: 65px !important;}\u00bb][vc_column width=\u00bb5\/6&#8243; offset=\u00bbvc_col-lg-offset-0 vc_col-lg-4 vc_col-md-offset-1 vc_col-md-10 vc_col-sm-offset-1&#8243;][vc_single_image image=\u00bb9153&#8243; img_size=\u00bbfull\u00bb alignment=\u00bbcenter\u00bb][vc_column_text]Concebido y firmado por\u00a0<a href=\"http:\/\/www.michaelmalapert.com\/\" target=\"_blank\" rel=\"noopener\">Michael MALAPERT<\/a>, Mon Coco\u00a0gira en torno de m\u00faltiples espacios donde cada uno retendr\u00e1 un lugar sensorial del establecimiento.[\/vc_column_text][vc_empty_space height=\u00bb12px\u00bb][vc_empty_space height=\u00bb30px\u00bb][\/vc_column][vc_column width=\u00bb5\/6&#8243; offset=\u00bbvc_col-lg-offset-0 vc_col-lg-4 vc_col-md-offset-1 vc_col-md-10 vc_col-sm-offset-1&#8243;][vc_single_image image=\u00bb8773&#8243; img_size=\u00bbfull\u00bb alignment=\u00bbcenter\u00bb][vc_column_text]<\/p>\n<p style=\"text-align: center;\">Al asociarse con\u00a0<a href=\"https:\/\/www.facebook.com\/Nasty.paris.city\/\" target=\"_blank\" rel=\"noopener\">Nasty<\/a>, el arquitecto de interiores quiso resaltar la Marianne comprometida, s\u00edmbolo ic\u00f3nico del establecimiento.<\/p>\n<p>[\/vc_column_text][vc_empty_space height=\u00bb12px\u00bb][vc_empty_space height=\u00bb30px\u00bb][\/vc_column][vc_column width=\u00bb5\/6&#8243; offset=\u00bbvc_col-lg-offset-0 vc_col-lg-4 vc_col-md-offset-1 vc_col-md-10 vc_col-sm-offset-1&#8243;][vc_single_image image=\u00bb8775&#8243; img_size=\u00bbfull\u00bb alignment=\u00bbcenter\u00bb][vc_column_text]<\/p>\n<p style=\"text-align: center;\">Florista de renombre, <a href=\"http:\/\/www.aromparis.fr\/\" target=\"_blank\" rel=\"noopener\">Ar\u00f4m<\/a> trae su toque vegetal a la decoraci\u00f3n del establecimiento. Mon Coco es sobre todo un espacio de vida donde las plantas tienen un lugar predominante.<\/p>\n<p>[\/vc_column_text][vc_empty_space height=\u00bb12px\u00bb][vc_empty_space height=\u00bb30px\u00bb][\/vc_column][\/vc_row][vc_row][vc_column]<div class=\"eltd-elements-holder eltd-three-columns eltd-responsive-mode-768\" ><div class=\"eltd-elements-holder-item \" data-item-class=\"eltd-elements-holder-custom-151884\" data-600-768=\"0 17% 30px 17%\" >\n\t<div class=\"eltd-elements-holder-item-inner\">\n\t\t<div class=\"eltd-elements-holder-item-content eltd-elements-holder-custom-151884\" style=\"padding: 0 0 0 0\">\n\t\t\t<div class=\"eltd-info-box-holder eltd-detailed eltd-interactive eltd-light eltd-info-box-with-image\">\n\t<div class=\"eltd-info-box-inner\">\n\t\t<div class=\"eltd-ib-front-holder\">\n\t\t\t<div class=\"eltd-ib-front-holder-inner\">\n\t\t\t\t<div class=\"eltd-ib-top-holder\">\n\t\t\t\t\t\n\t\t\t\t\t\t\t\t\t\t\t<div class=\"eltd-ib-title-holder\">\n\t\t\t\t\t\t\t<h2 class=\"eltd-ib-title\">\n\t\t\t\t\t\t\t\tBrindar, Compartir, Comer.\t\t\t\t\t\t\t<\/h2>\n\t\t\t\t\t\t<\/div>\n\t\t\t\t\t\t\t\t\t<\/div>\n\n\t\t\t\t<div class=\"eltd-ib-bottom-holder\">\n\t\t\t\t\t\n\t\t\t\t\t\t\t\t\t\t\t<div class=\"eltd-ib-button-holder\">\n\t\t\t\t\t\t\t<a href=\"http:\/\/www.moncoco.paris\/es\/a-la-carte\/\" target=\"_self\"  class=\"eltd-btn eltd-btn-medium eltd-btn-solid eltd-btn-custom-hover-bg\" data-hover-bg-color=\"#e9b815\" >\t    <span class=\"eltd-btn-text\">\u00a1A COMER!<\/span>    <\/a>\t\t\t\t\t\t<\/div>\n\t\t\t\t\t\t\t\t\t<\/div>\n\t\t\t<\/div>\n\n\t\t<\/div>\n\t\t\t\t\t<a  href=\"http:\/\/www.moncoco.paris\/es\/a-la-carte\/\" target=\"_self\">\n\t\t\t\t<div class=\"eltd-ib-overlay\" style=\"background-image: url(https:\/\/www.moncoco.paris\/wp-content\/uploads\/2016\/10\/8.png)\"><\/div>\n\t\t\t\t\t<\/a>\n\t\t\t<\/div>\n<\/div>\t\t<\/div>\n\t<\/div>\n<\/div><div class=\"eltd-elements-holder-item \" data-item-class=\"eltd-elements-holder-custom-596229\" data-600-768=\"0 17% 30px 17%\" >\n\t<div class=\"eltd-elements-holder-item-inner\">\n\t\t<div class=\"eltd-elements-holder-item-content eltd-elements-holder-custom-596229\" style=\"padding: 0 0 0 0\">\n\t\t\t<div class=\"eltd-info-box-holder eltd-detailed eltd-interactive eltd-light eltd-info-box-with-image\">\n\t<div class=\"eltd-info-box-inner\">\n\t\t<div class=\"eltd-ib-front-holder\">\n\t\t\t<div class=\"eltd-ib-front-holder-inner\">\n\t\t\t\t<div class=\"eltd-ib-top-holder\">\n\t\t\t\t\t\n\t\t\t\t\t\t\t\t\t\t\t<div class=\"eltd-ib-title-holder\">\n\t\t\t\t\t\t\t<h2 class=\"eltd-ib-title\">\n\t\t\t\t\t\t\t\tHome Sweet Home\t\t\t\t\t\t\t<\/h2>\n\t\t\t\t\t\t<\/div>\n\t\t\t\t\t\t\t\t\t<\/div>\n\n\t\t\t\t<div class=\"eltd-ib-bottom-holder\">\n\t\t\t\t\t\n\t\t\t\t\t\t\t\t\t\t\t<div class=\"eltd-ib-button-holder\">\n\t\t\t\t\t\t\t<a href=\"http:\/\/www.moncoco.paris\/es\/photos\/\" target=\"_self\"  class=\"eltd-btn eltd-btn-medium eltd-btn-solid eltd-btn-custom-hover-bg\" data-hover-bg-color=\"#e9b815\" >\t    <span class=\"eltd-btn-text\">Mon Coco en fotos<\/span>    <\/a>\t\t\t\t\t\t<\/div>\n\t\t\t\t\t\t\t\t\t<\/div>\n\t\t\t<\/div>\n\n\t\t<\/div>\n\t\t\t\t\t<a  href=\"http:\/\/www.moncoco.paris\/es\/photos\/\" target=\"_self\">\n\t\t\t\t<div class=\"eltd-ib-overlay\" style=\"background-image: url(https:\/\/www.moncoco.paris\/wp-content\/uploads\/2016\/10\/IMG_5100-2.jpg)\"><\/div>\n\t\t\t\t\t<\/a>\n\t\t\t<\/div>\n<\/div>\t\t<\/div>\n\t<\/div>\n<\/div><div class=\"eltd-elements-holder-item \" data-item-class=\"eltd-elements-holder-custom-135790\" data-600-768=\"0 17% 0 17%\" >\n\t<div class=\"eltd-elements-holder-item-inner\">\n\t\t<div class=\"eltd-elements-holder-item-content eltd-elements-holder-custom-135790\" style=\"padding: 0 0 0 0\">\n\t\t\t<div class=\"eltd-info-box-holder eltd-detailed eltd-interactive eltd-light eltd-info-box-with-image\">\n\t<div class=\"eltd-info-box-inner\">\n\t\t<div class=\"eltd-ib-front-holder\">\n\t\t\t<div class=\"eltd-ib-front-holder-inner\">\n\t\t\t\t<div class=\"eltd-ib-top-holder\">\n\t\t\t\t\t\n\t\t\t\t\t\t\t\t\t\t\t<div class=\"eltd-ib-title-holder\">\n\t\t\t\t\t\t\t<h2 class=\"eltd-ib-title\">\n\t\t\t\t\t\t\t\tPara cada buen momento\t\t\t\t\t\t\t<\/h2>\n\t\t\t\t\t\t<\/div>\n\t\t\t\t\t\t\t\t\t<\/div>\n\n\t\t\t\t<div class=\"eltd-ib-bottom-holder\">\n\t\t\t\t\t\n\t\t\t\t\t\t\t\t\t\t\t<div class=\"eltd-ib-button-holder\">\n\t\t\t\t\t\t\t<a href=\"http:\/\/www.moncoco.paris\/es\/contact\/\" target=\"_self\"  class=\"eltd-btn eltd-btn-medium eltd-btn-solid\"  >\t    <span class=\"eltd-btn-text\">Reservas para grupos<\/span>    <\/a>\t\t\t\t\t\t<\/div>\n\t\t\t\t\t\t\t\t\t<\/div>\n\t\t\t<\/div>\n\n\t\t<\/div>\n\t\t\t\t\t<a  href=\"http:\/\/www.moncoco.paris\/es\/contact\/\" target=\"_self\">\n\t\t\t\t<div class=\"eltd-ib-overlay\" style=\"background-image: url(https:\/\/www.moncoco.paris\/wp-content\/uploads\/2016\/10\/DSC_8216.jpg)\"><\/div>\n\t\t\t\t\t<\/a>\n\t\t\t<\/div>\n<\/div>\t\t<\/div>\n\t<\/div>\n<\/div><\/div>[\/vc_column][\/vc_row][vc_row content_width=\u00bbgrid\u00bb content_aligment=\u00bbcenter\u00bb css=\u00bb.vc_custom_1476866224109{padding-top: 90px !important;padding-bottom: 62px !important;}\u00bb][vc_column offset=\u00bbvc_col-lg-offset-2 vc_col-lg-8 vc_col-md-offset-1 vc_col-md-10&#8243; css=\u00bb.vc_custom_1478274827444{padding-right: 3% !important;padding-left: 3% !important;}\u00bb]<div class=\"eltd-section-title-outer-holder\" style=\"text-align: center\">\n\n\t\n\t\t\t<div class=\"eltd-section-title-title-holder\">\n\t\t\t\t<h2 class=\"eltd-section-title\" style=\";font-size: 60px;color: #d8a700;font-weight: 200;line-height: 72px;;;\">\n\t\t\t\tMon Coco para todos\t\t\t\t<\/h2>\n\t\t<\/div>\n\t\n<\/div>[vc_column_text]En la prolongaci\u00f3n de la Place de la R\u00e9publique, te damos la bienvenida de manera continua 7\/7 para satisfacer a los madrugadores y los noct\u00e1mbulos.<\/p>\n<p>Un lugar de vida, una casa, un restaurante: Mon Coco es todo esto al mismo tiempo.[\/vc_column_text][\/vc_column][\/vc_row][vc_row][vc_column][vc_single_image image=\u00bb8689&#8243; alignment=\u00bbcenter\u00bb][vc_empty_space height=\u00bb12px\u00bb][\/vc_column][\/vc_row]<\/p>\n<\/section>","protected":false},"excerpt":{"rendered":"<p>[vc_row content_width=\u00bbgrid\u00bb css=\u00bb.vc_custom_1476866109634{padding-top: 95px !important;padding-bottom: 65px !important;}\u00bb][vc_column offset=\u00bbvc_col-md-6&#8243;][vc_empty_space height=\u00bb30px\u00bb][\/vc_column][vc_column offset=\u00bbvc_col-md-6&#8243;][vc_empty_space height=\u00bb3px\u00bb][vc_column_text]El gallo se erige como un s\u00edmbolo republicano en la historia de Francia. La palabra coco tambi\u00e9n se refiere a su llamada de despertador \u00abcocorico\u00bb o a la famosa marca de fragancias y moda \u00abCoco&#8230;<\/p>\n","protected":false},"author":1,"featured_media":0,"parent":0,"menu_order":0,"comment_status":"closed","ping_status":"closed","template":"full-width.php","meta":{"footnotes":""},"_links":{"self":[{"href":"https:\/\/www.moncoco.paris\/es\/wp-json\/wp\/v2\/pages\/9261"}],"collection":[{"href":"https:\/\/www.moncoco.paris\/es\/wp-json\/wp\/v2\/pages"}],"about":[{"href":"https:\/\/www.moncoco.paris\/es\/wp-json\/wp\/v2\/types\/page"}],"author":[{"embeddable":true,"href":"https:\/\/www.moncoco.paris\/es\/wp-json\/wp\/v2\/users\/1"}],"replies":[{"embeddable":true,"href":"https:\/\/www.moncoco.paris\/es\/wp-json\/wp\/v2\/comments?post=9261"}],"version-history":[{"count":23,"href":"https:\/\/www.moncoco.paris\/es\/wp-json\/wp\/v2\/pages\/9261\/revisions"}],"predecessor-version":[{"id":9640,"href":"https:\/\/www.moncoco.paris\/es\/wp-json\/wp\/v2\/pages\/9261\/revisions\/9640"}],"wp:attachment":[{"href":"https:\/\/www.moncoco.paris\/es\/wp-json\/wp\/v2\/media?parent=9261"}],"curies":[{"name":"wp","href":"https:\/\/api.w.org\/{rel}","templated":true}]}}